{"id":9082,"date":"2019-03-25T19:05:10","date_gmt":"2020-03-25T09:31:37","guid":{"rendered":"https:\/\/baniwafels.be\/product\/truffes-cacao\/"},"modified":"2026-02-15T19:35:16","modified_gmt":"2026-02-15T17:35:16","slug":"truffe-cacao","status":"publish","type":"product","link":"https:\/\/baniwafels.be\/fr\/produit\/truffe-cacao\/","title":{"rendered":"Truffes cacao"},"content":{"rendered":"<p style=\"margin: 0cm; margin-bottom: .0001pt;\">Une d\u00e9licieuse truffe belge premium avec une garniture cr\u00e9meuse au chocolat au lait et une cro\u00fbte de poudre de cacao croquante. Parfait pour r\u00e9colter de l&rsquo;argent avec vos ventes de truffes. Consid\u00e9rez certainement les truffes dans votre gamme pendant la p\u00e9riode de fin d&rsquo;ann\u00e9e. Id\u00e9al pour les amateurs de chocolat.<a href=\"https:\/\/baniwafels.be\/wp-content\/uploads\/2018\/11\/Belgische-kwaliteit.jpg\"><img decoding=\"async\" class=\"alignright wp-image-30573 size-full\" src=\"https:\/\/baniwafels.be\/wp-content\/uploads\/2018\/11\/Belgische-kwaliteit.jpg\" alt=\"\" width=\"60\" height=\"60\" title=\"\"><\/a><\/p>\n","protected":false},"excerpt":{"rendered":"<p>Une d\u00e9licieuse truffe belge premium avec une garniture cr\u00e9meuse au chocolat au lait et une cro\u00fbte de poudre de cacao croquante. Parfait pour r\u00e9colter de l&rsquo;argent avec vos ventes de truffes. Consid\u00e9rez certainement les truffes dans votre gamme pendant la p\u00e9riode de fin d&rsquo;ann\u00e9e. Id\u00e9al pour les amateurs de chocolat.<\/p>\n","protected":false},"featured_media":5454,"template":"","meta":[],"product_brand":[],"product_cat":[114],"product_tag":[],"class_list":{"0":"post-9082","1":"product","2":"type-product","3":"status-publish","4":"has-post-thumbnail","6":"product_cat-chocolat-pralines","8":"first","9":"instock","10":"taxable","11":"shipping-taxable","12":"product-type-grouped"},"_links":{"self":[{"href":"https:\/\/baniwafels.be\/fr\/wp-json\/wp\/v2\/product\/9082","targetHints":{"allow":["GET"]}}],"collection":[{"href":"https:\/\/baniwafels.be\/fr\/wp-json\/wp\/v2\/product"}],"about":[{"href":"https:\/\/baniwafels.be\/fr\/wp-json\/wp\/v2\/types\/product"}],"wp:featuredmedia":[{"embeddable":true,"href":"https:\/\/baniwafels.be\/fr\/wp-json\/wp\/v2\/media\/5454"}],"wp:attachment":[{"href":"https:\/\/baniwafels.be\/fr\/wp-json\/wp\/v2\/media?parent=9082"}],"wp:term":[{"taxonomy":"product_brand","embeddable":true,"href":"https:\/\/baniwafels.be\/fr\/wp-json\/wp\/v2\/product_brand?post=9082"},{"taxonomy":"product_cat","embeddable":true,"href":"https:\/\/baniwafels.be\/fr\/wp-json\/wp\/v2\/product_cat?post=9082"},{"taxonomy":"product_tag","embeddable":true,"href":"https:\/\/baniwafels.be\/fr\/wp-json\/wp\/v2\/product_tag?post=9082"}],"curies":[{"name":"wp","href":"https:\/\/api.w.org\/{rel}","templated":true}]}}