{"id":9081,"date":"2019-03-25T19:43:00","date_gmt":"2019-03-25T19:43:00","guid":{"rendered":"https:\/\/baniwafels.be\/product\/oeufs-de-paques\/"},"modified":"2025-09-23T15:00:36","modified_gmt":"2025-09-23T13:00:36","slug":"oeufs-de-paques","status":"publish","type":"product","link":"https:\/\/baniwafels.be\/fr\/produit\/oeufs-de-paques\/","title":{"rendered":"oeufs de p\u00e2ques"},"content":{"rendered":"<p>Un sac de luxe avec un m\u00e9lange d&rsquo;oeufs de P\u00e2ques en chocolat. De d\u00e9licieux \u0153ufs en chocolat noir, blanc et au lait avec diff\u00e9rentes garnitures de pralin\u00e9, vanille, pistache, caf\u00e9,&#8230; Id\u00e9al pour votre vente d&rsquo;\u0153ufs de P\u00e2ques ou pour distribuer \u00e0 vos coll\u00e8gues. Combinez avec d&rsquo;autres produits Bani.<\/p>\n<p><strong>Disponible<\/strong>: de la deuxi\u00e8me semaine de f\u00e9vrier jusqu&rsquo;aux vacances de P\u00e2ques. Jusqu&rsquo;\u00e0 \u00e9puisement des stocks. <a href=\"https:\/\/baniwafels.be\/wp-content\/uploads\/2018\/11\/Belgische-kwaliteit.jpg\"><img decoding=\"async\" class=\"alignright wp-image-30573 size-full\" src=\"https:\/\/baniwafels.be\/wp-content\/uploads\/2018\/11\/Belgische-kwaliteit.jpg\" alt=\"\" width=\"60\" height=\"60\" title=\"\"><\/a><\/p>\n","protected":false},"excerpt":{"rendered":"<p>Un sac de luxe avec un m\u00e9lange d&rsquo;oeufs de P\u00e2ques en chocolat. De d\u00e9licieux \u0153ufs en chocolat noir, blanc et au lait avec diff\u00e9rentes garnitures de pralin\u00e9, vanille, pistache, caf\u00e9,&#8230; Id\u00e9al pour votre vente d&rsquo;\u0153ufs de P\u00e2ques ou pour distribuer \u00e0 vos coll\u00e8gues. Combinez avec d&rsquo;autres produits Bani. Disponible: de la deuxi\u00e8me semaine de f\u00e9vrier&#8230;<\/p>\n","protected":false},"featured_media":5474,"template":"","meta":[],"product_brand":[],"product_cat":[114],"product_tag":[168,117],"class_list":{"0":"post-9081","1":"product","2":"type-product","3":"status-publish","4":"has-post-thumbnail","6":"product_cat-chocolat-pralines","7":"product_tag-chocolade-fr","8":"product_tag-paques","10":"first","11":"instock","12":"taxable","13":"shipping-taxable","14":"product-type-grouped"},"_links":{"self":[{"href":"https:\/\/baniwafels.be\/fr\/wp-json\/wp\/v2\/product\/9081","targetHints":{"allow":["GET"]}}],"collection":[{"href":"https:\/\/baniwafels.be\/fr\/wp-json\/wp\/v2\/product"}],"about":[{"href":"https:\/\/baniwafels.be\/fr\/wp-json\/wp\/v2\/types\/product"}],"wp:featuredmedia":[{"embeddable":true,"href":"https:\/\/baniwafels.be\/fr\/wp-json\/wp\/v2\/media\/5474"}],"wp:attachment":[{"href":"https:\/\/baniwafels.be\/fr\/wp-json\/wp\/v2\/media?parent=9081"}],"wp:term":[{"taxonomy":"product_brand","embeddable":true,"href":"https:\/\/baniwafels.be\/fr\/wp-json\/wp\/v2\/product_brand?post=9081"},{"taxonomy":"product_cat","embeddable":true,"href":"https:\/\/baniwafels.be\/fr\/wp-json\/wp\/v2\/product_cat?post=9081"},{"taxonomy":"product_tag","embeddable":true,"href":"https:\/\/baniwafels.be\/fr\/wp-json\/wp\/v2\/product_tag?post=9081"}],"curies":[{"name":"wp","href":"https:\/\/api.w.org\/{rel}","templated":true}]}}