{"id":9072,"date":"2019-03-25T21:23:25","date_gmt":"2020-03-25T09:11:20","guid":{"rendered":"https:\/\/baniwafels.be\/product\/rocher-de-coco\/"},"modified":"2025-09-23T14:59:49","modified_gmt":"2025-09-23T12:59:49","slug":"rocher-de-coco","status":"publish","type":"product","link":"https:\/\/baniwafels.be\/fr\/produit\/rocher-de-coco\/","title":{"rendered":"Rocher de coco"},"content":{"rendered":"<p style=\"margin: 0cm 0cm 12.0pt 0cm;\">Une meringue l\u00e9g\u00e8re cuite avec des copeaux de noix de coco. Ces d\u00e9licieux rochers belges \u00e0 la noix de coco sont la diversification que vous pouvez utiliser pour collecter des fonds pour votre bonne cause. En bonus, ils sont \u00e9galement d\u00e9licieusement <strong>sans gluten.<\/strong><a href=\"https:\/\/baniwafels.be\/wp-content\/uploads\/2018\/11\/Belgische-kwaliteit.jpg\"><img decoding=\"async\" class=\"alignright wp-image-30573 size-full\" src=\"https:\/\/baniwafels.be\/wp-content\/uploads\/2018\/11\/Belgische-kwaliteit.jpg\" alt=\"\" width=\"60\" height=\"60\" title=\"\"><\/a><\/p>\n","protected":false},"excerpt":{"rendered":"<p>Une meringue l\u00e9g\u00e8re cuite avec des copeaux de noix de coco. Ces d\u00e9licieux rochers belges \u00e0 la noix de coco sont la diversification que vous pouvez utiliser pour collecter des fonds pour votre bonne cause. En bonus, ils sont \u00e9galement d\u00e9licieusement sans gluten.<\/p>\n","protected":false},"featured_media":5481,"template":"","meta":[],"product_brand":[],"product_cat":[116],"product_tag":[149,159],"class_list":{"0":"post-9072","1":"product","2":"type-product","3":"status-publish","4":"has-post-thumbnail","6":"product_cat-gaufres-patisseries","7":"product_tag-rocher-a-la-noix-de-coco","8":"product_tag-sans-gluten","10":"first","11":"instock","12":"taxable","13":"shipping-taxable","14":"product-type-grouped"},"_links":{"self":[{"href":"https:\/\/baniwafels.be\/fr\/wp-json\/wp\/v2\/product\/9072","targetHints":{"allow":["GET"]}}],"collection":[{"href":"https:\/\/baniwafels.be\/fr\/wp-json\/wp\/v2\/product"}],"about":[{"href":"https:\/\/baniwafels.be\/fr\/wp-json\/wp\/v2\/types\/product"}],"wp:featuredmedia":[{"embeddable":true,"href":"https:\/\/baniwafels.be\/fr\/wp-json\/wp\/v2\/media\/5481"}],"wp:attachment":[{"href":"https:\/\/baniwafels.be\/fr\/wp-json\/wp\/v2\/media?parent=9072"}],"wp:term":[{"taxonomy":"product_brand","embeddable":true,"href":"https:\/\/baniwafels.be\/fr\/wp-json\/wp\/v2\/product_brand?post=9072"},{"taxonomy":"product_cat","embeddable":true,"href":"https:\/\/baniwafels.be\/fr\/wp-json\/wp\/v2\/product_cat?post=9072"},{"taxonomy":"product_tag","embeddable":true,"href":"https:\/\/baniwafels.be\/fr\/wp-json\/wp\/v2\/product_tag?post=9072"}],"curies":[{"name":"wp","href":"https:\/\/api.w.org\/{rel}","templated":true}]}}