{"id":24947,"date":"2024-07-14T11:49:28","date_gmt":"2024-07-14T09:49:28","guid":{"rendered":"https:\/\/baniwafels.be\/product\/truffes-cappuccino\/"},"modified":"2026-02-15T19:30:32","modified_gmt":"2026-02-15T17:30:32","slug":"truffes-cappuccino","status":"publish","type":"product","link":"https:\/\/baniwafels.be\/fr\/produit\/truffes-cappuccino\/","title":{"rendered":"Truffes Cappuccino"},"content":{"rendered":"<p>La truffe de confort ultime : Truffes au chocolat au lait avec ar\u00f4me de caf\u00e9 et copeaux de chocolat blanc. Profitez de la d\u00e9licieuse combinaison de chocolat doux et du go\u00fbt stimulant du cappuccino. Chaque bouch\u00e9e de cette truffe vous offre un moment de calme et de bonheur, o\u00f9 les saveurs riches \u00e9veillent vos sens et vous procurent une sensation de chaleur et de r\u00e9confort. La Truffe Cappuccino est votre pause parfaite, un moment de plaisir que vous m\u00e9ritez.<\/p>\n<p><a href=\"https:\/\/baniwafels.be\/fr\/cadeaux-d-entreprise\/\"><img decoding=\"async\" class=\"alignleft wp-image-30575 size-full\" src=\"https:\/\/baniwafels.be\/wp-content\/uploads\/2018\/11\/CommunityBoxCompatibleFRV2.jpg\" alt=\"\" width=\"240\" height=\"60\" title=\"\"><\/a><a href=\"https:\/\/baniwafels.be\/wp-content\/uploads\/2018\/11\/Belgische-kwaliteit.jpg\"><img decoding=\"async\" class=\"alignright wp-image-30573 size-full\" src=\"https:\/\/baniwafels.be\/wp-content\/uploads\/2018\/11\/Belgische-kwaliteit.jpg\" alt=\"\" width=\"60\" height=\"60\" title=\"\"><\/a><\/p>\n","protected":false},"excerpt":{"rendered":"<p>La truffe de confort ultime : Truffes au chocolat au lait avec ar\u00f4me de caf\u00e9 et copeaux de chocolat blanc. Profitez de la d\u00e9licieuse combinaison de chocolat doux et du go\u00fbt stimulant du cappuccino. Chaque bouch\u00e9e de cette truffe vous offre un moment de calme et de bonheur, o\u00f9 les saveurs riches \u00e9veillent vos sens&#8230;<\/p>\n","protected":false},"featured_media":24978,"template":"","meta":[],"product_brand":[],"product_cat":[114],"product_tag":[162,168,169],"class_list":{"0":"post-24947","1":"product","2":"type-product","3":"status-publish","4":"has-post-thumbnail","6":"product_cat-chocolat-pralines","7":"product_tag-cafe","8":"product_tag-chocolade-fr","9":"product_tag-eindejaar-fr","11":"first","12":"instock","13":"taxable","14":"shipping-taxable","15":"product-type-grouped"},"_links":{"self":[{"href":"https:\/\/baniwafels.be\/fr\/wp-json\/wp\/v2\/product\/24947","targetHints":{"allow":["GET"]}}],"collection":[{"href":"https:\/\/baniwafels.be\/fr\/wp-json\/wp\/v2\/product"}],"about":[{"href":"https:\/\/baniwafels.be\/fr\/wp-json\/wp\/v2\/types\/product"}],"wp:featuredmedia":[{"embeddable":true,"href":"https:\/\/baniwafels.be\/fr\/wp-json\/wp\/v2\/media\/24978"}],"wp:attachment":[{"href":"https:\/\/baniwafels.be\/fr\/wp-json\/wp\/v2\/media?parent=24947"}],"wp:term":[{"taxonomy":"product_brand","embeddable":true,"href":"https:\/\/baniwafels.be\/fr\/wp-json\/wp\/v2\/product_brand?post=24947"},{"taxonomy":"product_cat","embeddable":true,"href":"https:\/\/baniwafels.be\/fr\/wp-json\/wp\/v2\/product_cat?post=24947"},{"taxonomy":"product_tag","embeddable":true,"href":"https:\/\/baniwafels.be\/fr\/wp-json\/wp\/v2\/product_tag?post=24947"}],"curies":[{"name":"wp","href":"https:\/\/api.w.org\/{rel}","templated":true}]}}