{"id":2820,"date":"2019-03-27T17:12:19","date_gmt":"2019-03-27T17:12:19","guid":{"rendered":"http:\/\/baniwafels.be\/mon-compte\/"},"modified":"2026-04-03T18:35:58","modified_gmt":"2026-04-03T16:35:58","slug":"mon-compte","status":"publish","type":"page","link":"https:\/\/baniwafels.be\/fr\/mon-compte\/","title":{"rendered":"Mon compte"},"content":{"rendered":"<p><section id=\"bt_bb_section69f446ccad4e8\" class=\"bt_bb_section bt_bb_layout_wide bt_bb_vertical_align_top bt_bb_hidden_xs bt_bb_hidden_ms\" style=\"padding: 0px;\" data-bt-override-class=\"null\"><div class=\"bt_bb_port\"><div class=\"bt_bb_cell\"><div class=\"bt_bb_cell_inner\"><div class=\"bt_bb_row \"  data-bt-override-class=\"{}\"><div class=\"bt_bb_row_holder\" ><div  class=\"bt_bb_column col-xxl-12 col-xl-12 bt_bb_vertical_align_top bt_bb_align_left bt_bb_padding_normal bt_bb_column_shape_inherit bt_bb_column_border_none\" style=\"; --column-width:12;\" data-width=\"12\" data-bt-override-class=\"{}\"><div class=\"bt_bb_column_content\"><div class=\"bt_bb_column_content_inner\"><div id=\"Bani_header_img\" class=\"bt_bb_image bt_bb_shape_square bt_bb_target_self bt_bb_align_inherit bt_bb_hover_style_simple bt_bb_content_display_always bt_bb_content_align_middle\" data-bt-override-class=\"{&quot;bt_bb_align_&quot;:{&quot;current_class&quot;:&quot;bt_bb_align_inherit&quot;,&quot;def&quot;:&quot;inherit&quot;,&quot;xl&quot;:&quot;inherit&quot;}}\"><span><img fetchpriority=\"high\" decoding=\"async\" width=\"2000\" height=\"754\" src=\"https:\/\/baniwafels.be\/wp-content\/uploads\/Bani-recherche-de-fonds.jpg\" class=\"attachment-full size-full\" alt=\"Bani wafels: gaufres, truffes, etc\" data-full_image_src=\"https:\/\/baniwafels.be\/wp-content\/uploads\/Bani-recherche-de-fonds.jpg\" title=\"Bani recherche de fonds\" loading=\"eager\" srcset=\"https:\/\/baniwafels.be\/wp-content\/uploads\/Bani-recherche-de-fonds.jpg 2000w, https:\/\/baniwafels.be\/wp-content\/uploads\/Bani-recherche-de-fonds-640x241.jpg 640w, https:\/\/baniwafels.be\/wp-content\/uploads\/Bani-recherche-de-fonds-1280x483.jpg 1280w, https:\/\/baniwafels.be\/wp-content\/uploads\/Bani-recherche-de-fonds-768x290.jpg 768w, https:\/\/baniwafels.be\/wp-content\/uploads\/Bani-recherche-de-fonds-1536x579.jpg 1536w, https:\/\/baniwafels.be\/wp-content\/uploads\/Bani-recherche-de-fonds-320x121.jpg 320w, https:\/\/baniwafels.be\/wp-content\/uploads\/Bani-recherche-de-fonds-600x226.jpg 600w\" sizes=\"(max-width: 2000px) 100vw, 2000px\" \/><\/span><\/div><\/div><\/div><\/div><\/div><\/div><\/div><!-- cell_inner --><\/div><!-- cell --><\/div><!-- port --><\/section><section id=\"bt_bb_section69f446ccade92\" class=\"bt_bb_section bt_bb_layout_wide bt_bb_vertical_align_top bt_bb_hidden_sm bt_bb_hidden_md bt_bb_hidden_lg\"  data-bt-override-class=\"null\"><div class=\"bt_bb_port\"><div class=\"bt_bb_cell\"><div class=\"bt_bb_cell_inner\"><div class=\"bt_bb_row \"  data-bt-override-class=\"{}\"><div class=\"bt_bb_row_holder\" ><div  class=\"bt_bb_column col-xxl-12 col-xl-12 bt_bb_vertical_align_top bt_bb_align_left bt_bb_padding_normal bt_bb_column_shape_inherit bt_bb_column_border_none\" style=\"padding: 0px;; --column-width:12;\" data-width=\"12\" data-bt-override-class=\"{}\"><div class=\"bt_bb_column_content\"><div class=\"bt_bb_column_content_inner\"><div class=\"bt_bb_image bt_bb_shape_square bt_bb_target_self bt_bb_align_inherit bt_bb_hover_style_simple bt_bb_content_display_always bt_bb_content_align_middle\" data-bt-override-class=\"{}\"><span><img decoding=\"async\" width=\"1293\" height=\"754\" src=\"https:\/\/baniwafels.be\/wp-content\/uploads\/Header_Bani_Mobile.jpg\" class=\"attachment-full size-full\" alt=\"Bani uw partner voor uw actie\" data-full_image_src=\"https:\/\/baniwafels.be\/wp-content\/uploads\/Header_Bani_Mobile.jpg\" title=\"Header_Bani_Mobile\" loading=\"eager\" srcset=\"https:\/\/baniwafels.be\/wp-content\/uploads\/Header_Bani_Mobile.jpg 1293w, https:\/\/baniwafels.be\/wp-content\/uploads\/Header_Bani_Mobile-640x373.jpg 640w, https:\/\/baniwafels.be\/wp-content\/uploads\/Header_Bani_Mobile-1280x746.jpg 1280w, https:\/\/baniwafels.be\/wp-content\/uploads\/Header_Bani_Mobile-768x448.jpg 768w, https:\/\/baniwafels.be\/wp-content\/uploads\/Header_Bani_Mobile-320x187.jpg 320w, https:\/\/baniwafels.be\/wp-content\/uploads\/Header_Bani_Mobile-600x350.jpg 600w\" sizes=\"(max-width: 1293px) 100vw, 1293px\" \/><\/span><\/div><\/div><\/div><\/div><\/div><\/div><\/div><!-- cell_inner --><\/div><!-- cell --><\/div><!-- port --><\/section><section id=\"bt_bb_section69f446ccae572\" class=\"bt_bb_section bt_bb_layout_boxed_1200 bt_bb_vertical_align_top\" style=\";background-color:#e2a53f;\" data-bt-override-class=\"null\"><div class=\"bt_bb_port\"><div class=\"bt_bb_cell\"><div class=\"bt_bb_cell_inner\"><div class=\"bt_bb_row \"  data-bt-override-class=\"{}\"><div class=\"bt_bb_row_holder\" ><div  class=\"bt_bb_column col-xxl-12 col-xl-12 bt_bb_vertical_align_top bt_bb_align_left bt_bb_padding_normal bt_bb_column_shape_inherit bt_bb_column_border_none\" style=\"; --column-width:12;\" data-width=\"12\" data-bt-override-class=\"{}\"><div class=\"bt_bb_column_content\"><div class=\"bt_bb_column_content_inner\"><div class=\"bt_bb_separator bt_bb_border_style_none bt_bb_top_spacing_small\" data-bt-override-class=\"null\"><\/div><div  class=\"bt_bb_text\" ><\/p>\n<p>\n<span style=\"color: #ffffff;\"><strong>Instructions \u00ab\u00a0modifier la commande\u00a0\u00bb:<\/strong><\/span><br \/>\n<span style=\"color: #ffffff;\">la commande initiale est automatiquement annul\u00e9e. Petits ajustements jusqu&rsquo;\u00e0 48 heures avant la livraison. V\u00e9rifiez toutes les donn\u00e9es et passez la nouvelle commande. Contactez-nous pour de l&rsquo;aide et des questions.<\/span><\/p>\n<p>\n<\/div><div class=\"bt_bb_separator bt_bb_border_style_none bt_bb_top_spacing_small\" data-bt-override-class=\"null\"><\/div><\/div><\/div><\/div><\/div><\/div><\/div><!-- cell_inner --><\/div><!-- cell --><\/div><!-- port --><\/section><section data-bb-version=\"5.0.1\" id=\"bt_bb_section69f446ccae8f6\" class=\"bt_bb_section bt_bb_layout_boxed_1200 bt_bb_vertical_align_top bt_bb_top_spacing_none bt_bb_bottom_spacing_none\"  data-bt-override-class=\"{&quot;bt_bb_top_spacing_&quot;:{&quot;current_class&quot;:&quot;bt_bb_top_spacing_none&quot;,&quot;def&quot;:&quot;none&quot;},&quot;bt_bb_bottom_spacing_&quot;:{&quot;current_class&quot;:&quot;bt_bb_bottom_spacing_none&quot;,&quot;def&quot;:&quot;none&quot;}}\"><div class=\"bt_bb_port\"><div class=\"bt_bb_cell\"><div class=\"bt_bb_cell_inner\"><div class=\"bt_bb_row \"  data-bt-override-class=\"{}\"><div class=\"bt_bb_row_holder\" ><div data-bb-version=\"4.5.9\"  class=\"bt_bb_column col-xxl-12 col-xl-12 col-xs-12 col-sm-12 col-md-12 col-lg-12 bt_bb_vertical_align_top bt_bb_align_left bt_bb_padding_normal bt_bb_column_shape_inherit bt_bb_column_border_none\" style=\"; --column-width:12;\" data-width=\"12\" data-bt-override-class=\"{}\"><div class=\"bt_bb_column_content\"><div class=\"bt_bb_column_content_inner\"><div data-bb-version=\"4.5.9\"  class=\"bt_bb_text\" ><\/p>\n<div class=\"woocommerce\"><\/div>\n<p>\n<\/div><\/div><\/div><\/div><\/div><\/div><\/div><!-- cell_inner --><\/div><!-- cell --><\/div><!-- port --><\/section><section id=\"bt_bb_section69f446ccaef38\" class=\"bt_bb_section bt_bb_layout_boxed_1200 bt_bb_vertical_align_top bt_bb_top_spacing_normal bt_bb_hidden_xs bt_bb_hidden_ms bt_bb_hidden_sm\"  data-bt-override-class=\"null\"><div class=\"bt_bb_port\"><div class=\"bt_bb_cell\"><div class=\"bt_bb_cell_inner\"><div class=\"bt_bb_row \"  data-bt-override-class=\"{}\"><div class=\"bt_bb_row_holder\" ><div  class=\"bt_bb_column col-xxl-12 col-xl-12 bt_bb_vertical_align_top bt_bb_align_left bt_bb_padding_normal bt_bb_column_shape_inherit bt_bb_column_border_none\" style=\"; --column-width:12;\" data-width=\"12\" data-bt-override-class=\"{}\"><div class=\"bt_bb_column_content\"><div class=\"bt_bb_column_content_inner\"><div data-bb-version=\"5.3.6\" class=\"bt_bb_separator bt_bb_border_style_none bt_bb_top_spacing_normal bt_bb_bottom_spacing_none\" data-bt-override-class=\"{&quot;bt_bb_top_spacing_&quot;:{&quot;current_class&quot;:&quot;bt_bb_top_spacing_normal&quot;,&quot;def&quot;:&quot;normal&quot;},&quot;bt_bb_bottom_spacing_&quot;:{&quot;current_class&quot;:&quot;bt_bb_bottom_spacing_none&quot;,&quot;def&quot;:&quot;none&quot;}}\"><\/div><div class=\"bt_bb_button bt_bb_color_scheme_6 bt_bb_icon_position_left bt_bb_style_filled bt_bb_size_small bt_bb_width_inline bt_bb_shape_inherit bt_bb_target_self bt_bb_align_center\" style=\"; --primary-color:#ffffff; --secondary-color:#e2a53f;\" data-bt-override-class=\"{&quot;bt_bb_size_&quot;:{&quot;current_class&quot;:&quot;bt_bb_size_small&quot;,&quot;def&quot;:&quot;small&quot;,&quot;xl&quot;:&quot;small&quot;},&quot;bt_bb_align_&quot;:{&quot;current_class&quot;:&quot;bt_bb_align_center&quot;,&quot;def&quot;:&quot;center&quot;,&quot;xl&quot;:&quot;center&quot;}}\"><a href=\"\/fr\/boutique\/\" target=\"_self\" class=\"bt_bb_link\" title=\"RETOUR VERS BOUTIQUE \u2192\"><span class=\"bt_bb_button_text\" >RETOUR VERS BOUTIQUE \u2192<\/span><\/a><\/div><\/div><\/div><\/div><\/div><\/div><\/div><!-- cell_inner --><\/div><!-- cell --><\/div><!-- port --><\/section><section id=\"bt_bb_section69f446ccaf752\" class=\"bt_bb_section bt_bb_layout_boxed_1200 bt_bb_vertical_align_top bt_bb_top_spacing_normal bt_bb_hidden_md bt_bb_hidden_lg\"  data-bt-override-class=\"null\"><div class=\"bt_bb_port\"><div class=\"bt_bb_cell\"><div class=\"bt_bb_cell_inner\"><div class=\"bt_bb_row \"  data-bt-override-class=\"{}\"><div class=\"bt_bb_row_holder\" ><div data-bb-version=\"5.3.6\"  class=\"bt_bb_column col-xxl-12 col-xl-12 bt_bb_vertical_align_top bt_bb_align_left bt_bb_padding_none bt_bb_column_shape_inherit bt_bb_column_border_none\" style=\"; --column-width:12;\" data-width=\"12\" data-bt-override-class=\"{&quot;bt_bb_align_&quot;:{&quot;current_class&quot;:&quot;bt_bb_align_left&quot;,&quot;def&quot;:&quot;left&quot;},&quot;bt_bb_padding_&quot;:{&quot;current_class&quot;:&quot;bt_bb_padding_none&quot;,&quot;def&quot;:&quot;none&quot;,&quot;sm&quot;:&quot;normal&quot;,&quot;xs&quot;:&quot;normal&quot;},&quot;bt_bb_animation_&quot;:{&quot;current_class&quot;:&quot;bt_bb_animation_no_animation&quot;,&quot;def&quot;:&quot;no_animation&quot;}}\"><div class=\"bt_bb_column_content\"><div class=\"bt_bb_column_content_inner\"><div data-bb-version=\"5.3.6\" class=\"bt_bb_separator bt_bb_border_style_none bt_bb_top_spacing_normal bt_bb_bottom_spacing_none\" data-bt-override-class=\"{&quot;bt_bb_top_spacing_&quot;:{&quot;current_class&quot;:&quot;bt_bb_top_spacing_normal&quot;,&quot;def&quot;:&quot;normal&quot;},&quot;bt_bb_bottom_spacing_&quot;:{&quot;current_class&quot;:&quot;bt_bb_bottom_spacing_none&quot;,&quot;def&quot;:&quot;none&quot;}}\"><\/div><div id=\"linkbaniaccount\" class=\"bt_bb_text\" ><\/p>\n<p style=\"text-align: center;\"><strong><small><a style=\"text-align: center;\" href=\"https:\/\/baniwafels.be\/fr\/boutique\/\">RETOUR VERS BOUTIQUE \u2192<\/a><\/small><\/strong><\/p>\n<p>\n<\/div><\/div><\/div><\/div><\/div><\/div><\/div><!-- cell_inner --><\/div><!-- cell --><\/div><!-- port --><\/section><\/p>\n","protected":false},"excerpt":{"rendered":"","protected":false},"author":4,"featured_media":5610,"parent":0,"menu_order":0,"comment_status":"closed","ping_status":"closed","template":"","meta":{"footnotes":""},"class_list":["post-2820","page","type-page","status-publish","has-post-thumbnail","hentry"],"_links":{"self":[{"href":"https:\/\/baniwafels.be\/fr\/wp-json\/wp\/v2\/pages\/2820","targetHints":{"allow":["GET"]}}],"collection":[{"href":"https:\/\/baniwafels.be\/fr\/wp-json\/wp\/v2\/pages"}],"about":[{"href":"https:\/\/baniwafels.be\/fr\/wp-json\/wp\/v2\/types\/page"}],"author":[{"embeddable":true,"href":"https:\/\/baniwafels.be\/fr\/wp-json\/wp\/v2\/users\/4"}],"replies":[{"embeddable":true,"href":"https:\/\/baniwafels.be\/fr\/wp-json\/wp\/v2\/comments?post=2820"}],"version-history":[{"count":0,"href":"https:\/\/baniwafels.be\/fr\/wp-json\/wp\/v2\/pages\/2820\/revisions"}],"wp:featuredmedia":[{"embeddable":true,"href":"https:\/\/baniwafels.be\/fr\/wp-json\/wp\/v2\/media\/5610"}],"wp:attachment":[{"href":"https:\/\/baniwafels.be\/fr\/wp-json\/wp\/v2\/media?parent=2820"}],"curies":[{"name":"wp","href":"https:\/\/api.w.org\/{rel}","templated":true}]}}